{"id":1140,"date":"2022-01-19T21:21:22","date_gmt":"2022-01-19T21:21:22","guid":{"rendered":"https:\/\/www.nbtc.no\/clinical-studies\/"},"modified":"2023-01-16T16:37:06","modified_gmt":"2023-01-16T16:37:06","slug":"clinical-studies","status":"publish","type":"page","link":"https:\/\/www.nbtc.no\/en\/clinical-studies\/","title":{"rendered":"Clinical studies"},"content":{"rendered":"<section class=\"l-section wpb_row height_auto width_full\"><div class=\"l-section-h i-cf\"><div class=\"g-cols vc_row via_grid cols_1 laptops-cols_inherit tablets-cols_inherit mobiles-cols_1 valign_top type_default stacking_default\"><div class=\"wpb_column vc_column_container\"><div class=\"vc_column-inner\"><section class=\"l-section wpb_row height_auto width_full with_img parallax_ver\"><div class=\"l-section-img\" role=\"img\" data-img-width=\"1200\" data-img-height=\"800\" style=\"background-image: url(https:\/\/www.nbtc.no\/wp-content\/uploads\/2022\/01\/klinisk_studie_header_1.jpg);background-repeat: no-repeat;\"><\/div><div class=\"l-section-h i-cf\"><div class=\"g-cols vc_row via_grid cols_2 laptops-cols_inherit tablets-cols_inherit mobiles-cols_1 valign_bottom type_default stacking_default\"><div class=\"wpb_column vc_column_container us_custom_1b8ad953\"><div class=\"vc_column-overlay\" style=\"background:rgba(0,0,0,0.50)\"><\/div><div class=\"vc_column-inner\">[vc_custom_heading source=&#8221;post_title&#8221; font_container=&#8221;tag:h1|text_align:center|color:%23ffffff&#8221; use_theme_fonts=&#8221;yes&#8221; css_animation=&#8221;none&#8221; css=&#8221;%7B%22default%22%3A%7B%22text-align%22%3A%22center%22%2C%22font-size%22%3A%224rem%22%2C%22font-weight%22%3A%22700%22%7D%7D&#8221;]<\/div><\/div><div class=\"wpb_column vc_column_container\"><div class=\"vc_column-inner\"><\/div><\/div><\/div><\/div><\/section><section class=\"l-section wpb_row us_custom_f441043a height_auto width_full\"><div class=\"l-section-h i-cf\"><div class=\"g-cols vc_row via_grid cols_1 laptops-cols_inherit tablets-cols_inherit mobiles-cols_1 valign_top type_default stacking_default\"><div class=\"wpb_column vc_column_container\"><div class=\"vc_column-inner\"><\/div><\/div><\/div><\/div><\/section>\n<\/div><\/div><\/div><\/div><\/section><section class=\"l-section wpb_row height_medium width_full\"><div class=\"l-section-h i-cf\"><div class=\"g-cols vc_row via_grid cols_1 laptops-cols_inherit tablets-cols_inherit mobiles-cols_1 valign_top type_default stacking_default\"><div class=\"wpb_column vc_column_container\"><div class=\"vc_column-inner\"><div class=\"g-cols wpb_row us_custom_42c1dd45 via_grid cols_2 laptops-cols_inherit tablets-cols_inherit mobiles-cols_1 valign_top type_default stacking_default\" style=\"--gap:3rem;\"><div class=\"wpb_column vc_column_container\"><div class=\"vc_column-inner\">[vc_custom_heading text=&#8221;Clinical studies&#8221; font_container=&#8221;tag:h1|text_align:center&#8221; use_theme_fonts=&#8221;yes&#8221; css_animation=&#8221;none&#8221; css=&#8221;%7B%22default%22%3A%7B%22text-align%22%3A%22right%22%7D%2C%22laptops%22%3A%7B%22text-align%22%3A%22right%22%7D%2C%22tablets%22%3A%7B%22text-align%22%3A%22right%22%7D%2C%22mobiles%22%3A%7B%22text-align%22%3A%22center%22%7D%7D&#8221;]<div class=\"wpb_text_column us_custom_c817d197\"><div class=\"wpb_wrapper\"><p>Clinical studies are central to the discovery of new treatment options. Such studies provide information on whether a new treatment is effective or not. They also examine whether the treatment causes unintended side effects. All clinical studies are based on research results carried out in laboratories and in animal experiments (preclinical research). Clinical studies are divided into 3 different phases and approved medicines are required to pass all these phases. There are a large number of ongoing international clinical studies where new treatment methods are being tested from phase I, via phase II to phase III studies. An overview of clinical studies can be found at <a href=\"https:\/\/clinicaltrials.gov\">https:\/\/clinicaltrials.gov<\/a><\/p>\n<\/div><\/div><\/div><\/div><div class=\"wpb_column vc_column_container us_custom_2aea0995 has_bg_color\"><div class=\"vc_column-inner\">[vc_custom_heading text=&#8221;The three clinical phases:&#8221; use_theme_fonts=&#8221;yes&#8221; css_animation=&#8221;none&#8221; css=&#8221;%7B%22default%22%3A%7B%22color%22%3A%22%23ffffff%22%2C%22text-align%22%3A%22left%22%7D%2C%22laptops%22%3A%7B%22text-align%22%3A%22left%22%7D%2C%22tablets%22%3A%7B%22text-align%22%3A%22left%22%7D%2C%22mobiles%22%3A%7B%22text-align%22%3A%22center%22%7D%7D&#8221;]<div class=\"w-separator us_custom_b694849d size_small with_line width_default thick_2 style_solid color_border align_center\"><div class=\"w-separator-h\"><\/div><\/div>[vc_custom_heading text=&#8221;Phase I studies: Investigate whether the patients tolerate the treatment.&#8221; font_container=&#8221;tag:h4|text_align:left&#8221; use_theme_fonts=&#8221;yes&#8221; css_animation=&#8221;fadeInRight&#8221; css=&#8221;%7B%22default%22%3A%7B%22color%22%3A%22%23ffffff%22%2C%22text-align%22%3A%22left%22%7D%2C%22laptops%22%3A%7B%22text-align%22%3A%22left%22%7D%2C%22tablets%22%3A%7B%22text-align%22%3A%22left%22%7D%2C%22mobiles%22%3A%7B%22text-align%22%3A%22center%22%7D%7D&#8221;][vc_custom_heading text=&#8221;Phase II studies: Dose adjustment and assessment of treatment effect.&#8221; font_container=&#8221;tag:h4|text_align:left&#8221; use_theme_fonts=&#8221;yes&#8221; css_animation=&#8221;fadeInRight&#8221; css=&#8221;%7B%22default%22%3A%7B%22color%22%3A%22%23ffffff%22%2C%22text-align%22%3A%22left%22%7D%2C%22laptops%22%3A%7B%22text-align%22%3A%22left%22%7D%2C%22tablets%22%3A%7B%22text-align%22%3A%22left%22%7D%2C%22mobiles%22%3A%7B%22text-align%22%3A%22center%22%7D%7D&#8221;][vc_custom_heading text=&#8221;Phase III studies: Documentation of effect on larger patient groups.&#8221; font_container=&#8221;tag:h4|text_align:left&#8221; use_theme_fonts=&#8221;yes&#8221; css_animation=&#8221;fadeInRight&#8221; css=&#8221;%7B%22default%22%3A%7B%22color%22%3A%22%23ffffff%22%2C%22text-align%22%3A%22left%22%7D%2C%22laptops%22%3A%7B%22text-align%22%3A%22left%22%7D%2C%22tablets%22%3A%7B%22text-align%22%3A%22left%22%7D%2C%22mobiles%22%3A%7B%22text-align%22%3A%22center%22%7D%7D&#8221;]<\/div><\/div><\/div><\/div><\/div><\/div><\/div><\/section><section class=\"l-section wpb_row height_medium width_full\"><div class=\"l-section-h i-cf\"><div class=\"g-cols vc_row via_grid cols_2 laptops-cols_inherit tablets-cols_inherit mobiles-cols_1 valign_top type_default reversed stacking_default\"><div class=\"wpb_column vc_column_container\"><div class=\"vc_column-inner\"><div class=\"wpb_column vc_column_container\"><div class=\"vc_column-inner\"><\/div><\/div><div class=\"w-image us_custom_7e20fa79 us_animate_this has_ratio align_none\"><div class=\"w-image-h\"><div style=\"padding-bottom:66.6667%\"><\/div><img loading=\"lazy\" decoding=\"async\" width=\"1000\" height=\"667\" src=\"https:\/\/www.nbtc.no\/wp-content\/uploads\/2022\/09\/mikroskop.jpeg\" class=\"attachment-large size-large\" alt=\"\" srcset=\"https:\/\/www.nbtc.no\/wp-content\/uploads\/2022\/09\/mikroskop.jpeg 1000w, https:\/\/www.nbtc.no\/wp-content\/uploads\/2022\/09\/mikroskop-300x200.jpeg 300w, https:\/\/www.nbtc.no\/wp-content\/uploads\/2022\/09\/mikroskop-500x334.jpeg 500w\" sizes=\"auto, (max-width: 1000px) 100vw, 1000px\" \/><\/div><\/div><\/div><\/div><div class=\"wpb_column vc_column_container us_custom_f2df1f3a\"><div class=\"vc_column-inner\">[vc_custom_heading text=&#8221;Studies in Norway&#8221; font_container=&#8221;tag:h1|text_align:left&#8221; use_theme_fonts=&#8221;yes&#8221; css_animation=&#8221;none&#8221; css=&#8221;%7B%22default%22%3A%7B%22text-align%22%3A%22left%22%7D%2C%22laptops%22%3A%7B%22text-align%22%3A%22left%22%7D%2C%22tablets%22%3A%7B%22text-align%22%3A%22left%22%7D%2C%22mobiles%22%3A%7B%22text-align%22%3A%22center%22%7D%7D&#8221;]<div class=\"wpb_text_column us_custom_e46c6d82\"><div class=\"wpb_wrapper\"><p>In Norway there are a number of ongoing clinical studies. The number of studies undertaken at an international level is high. Information regarding clinical studies in Norway can be found on the Helse Norge website (www.helsenorge.no). <a href=\"https:\/\/www.helsenorge.no\/kliniske-studier\/om\/\" target=\"_blank\" rel=\"noopener\">Helsenorge.no<\/a>.  Innenfor kreftfeltet vil kliniske studier oftest dreie seg om utpr\u00f8ving av ny type behandling, for eksempel et nytt medikament, for \u00e5 unders\u00f8ke om den nye behandlingen gir bedre overlevelse enn standardbehandling. I noen tilfeller kan det ogs\u00e5 v\u00e6re aktuelt \u00e5 teste ut nye diagnostiske metoder. Begge disse typene studier kalles intervensjonsstudier; man gj\u00f8r en intervensjon\/noe nytt og tester ut om det er nyttig.<\/p>\n<\/div><\/div><\/div><\/div><\/div><\/div><\/section><section class=\"l-section wpb_row height_medium width_full\"><div class=\"l-section-h i-cf\"><div class=\"g-cols vc_row via_grid cols_2 laptops-cols_inherit tablets-cols_inherit mobiles-cols_1 valign_top type_default stacking_default\"><div class=\"wpb_column vc_column_container us_custom_979cb3d5\"><div class=\"vc_column-inner\">[vc_custom_heading text=&#8221;Clinical intervention studies for patients with brain cancer&#8221; font_container=&#8221;tag:h1|text_align:right&#8221; use_theme_fonts=&#8221;yes&#8221; css_animation=&#8221;none&#8221; css=&#8221;%7B%22default%22%3A%7B%22text-align%22%3A%22right%22%7D%2C%22laptops%22%3A%7B%22text-align%22%3A%22right%22%7D%2C%22tablets%22%3A%7B%22text-align%22%3A%22right%22%7D%2C%22mobiles%22%3A%7B%22text-align%22%3A%22center%22%7D%7D&#8221;]<div class=\"wpb_text_column us_custom_65dee96e\"><div class=\"wpb_wrapper\"><p>Until recently, there were only a limited number of clinical studies for brain tumor patients in Norway. This has, however, changed due to increased dedicated research. Today, there are a number of <a href=\"https:\/\/www.nbtc.no\/wp-content\/uploads\/2023\/01\/Intevensjonstudier-ENG.pdf\" target=\"_blank\" rel=\"noopener\">studies<\/a> that are relevant for patients with brain tumours. Information about our current studies (PDF) where new patients have been included, and also our planned studies that are expected to open for patient enrolment in the near future can be found here.   We have provided contact information for the doctor responsible for each of our studies in order to provide answers to any questions you may have.<\/p>\n<\/div><\/div><\/div><\/div><div class=\"wpb_column vc_column_container\"><div class=\"vc_column-inner\"><div class=\"w-image us_custom_47474b22 us_animate_this has_ratio align_none\"><div class=\"w-image-h\"><div style=\"padding-bottom:66.6667%\"><\/div><img loading=\"lazy\" decoding=\"async\" width=\"1000\" height=\"667\" src=\"https:\/\/www.nbtc.no\/wp-content\/uploads\/2022\/09\/kirurgi.jpeg\" class=\"attachment-large size-large\" alt=\"\" srcset=\"https:\/\/www.nbtc.no\/wp-content\/uploads\/2022\/09\/kirurgi.jpeg 1000w, https:\/\/www.nbtc.no\/wp-content\/uploads\/2022\/09\/kirurgi-300x200.jpeg 300w, https:\/\/www.nbtc.no\/wp-content\/uploads\/2022\/09\/kirurgi-500x334.jpeg 500w\" sizes=\"auto, (max-width: 1000px) 100vw, 1000px\" \/><\/div><\/div><\/div><\/div><\/div><\/div><\/section><section class=\"l-section wpb_row us_custom_a15fe79e height_auto width_full with_img parallax_ver\"><div class=\"l-section-img\" role=\"img\" data-img-width=\"2560\" data-img-height=\"1707\" style=\"background-image: url(https:\/\/www.nbtc.no\/wp-content\/uploads\/2022\/01\/mockaroon-YqUeLG7fMr4-unsplash-scaled.jpg);background-repeat: repeat-y;\"><\/div><div class=\"l-section-overlay\" style=\"background:rgba(51,51,51,0.50)\"><\/div><div class=\"l-section-h i-cf\"><div class=\"g-cols vc_row via_grid cols_1 laptops-cols_inherit tablets-cols_inherit mobiles-cols_1 valign_top type_default stacking_default\"><div class=\"wpb_column vc_column_container\"><div class=\"vc_column-inner\">[vc_custom_heading text=&#8221;The goal of NBTC is to offer more patients the possibility to participate in clinical intervention studies.&#8221; font_container=&#8221;tag:h1|text_align:center&#8221; use_theme_fonts=&#8221;yes&#8221; css_animation=&#8221;none&#8221; css=&#8221;%7B%22default%22%3A%7B%22color%22%3A%22%23ffffff%22%2C%22text-align%22%3A%22center%22%7D%7D&#8221;]<div class=\"wpb_text_column us_custom_d44d8758 has_text_color\"><div class=\"wpb_wrapper\"><p>In close collaboration with the Cancer Society and the Norwegian Brain Tumor Association, our aim is to offer more Norwegian patients the opportunity to participate in both ongoing and future clinical trials in order to increase the number of treatment options. To achieve this, we will circulate information about the trials among professionals as well as to the general public to increase awareness of our objectives. In this context, it is also important to coordinate communication between the various treatment centers in Norway, to ensure that the knowledge obtained during the studies informs both scientific research and clinical practices. As part of this network contacts have also been made with the pharmaceutical industry in order to enroll patients in studies supported by pharmaceutical companies. The group is led by oncologist Petter Brandal at Oslo University Hospital with members from Haukeland University Hospital in Bergen, St. Olavs Hospital University Hospital in Trondheim and the University Hospital of Northern Norway.<\/p>\n<\/div><\/div><\/div><\/div><\/div><\/div><\/section>\n","protected":false},"excerpt":{"rendered":"[vc_custom_heading source=&#8221;post_title&#8221; font_container=&#8221;tag:h1|text_align:center|color:%23ffffff&#8221; use_theme_fonts=&#8221;yes&#8221; css_animation=&#8221;none&#8221; css=&#8221;%7B%22default%22%3A%7B%22text-align%22%3A%22center%22%2C%22font-size%22%3A%224rem%22%2C%22font-weight%22%3A%22700%22%7D%7D&#8221;] [vc_custom_heading text=\"Clinical studies\" font_container=\"tag:h1|text_align:center\" use_theme_fonts=\"yes\" css_animation=\"none\" css=\"%7B%22default%22%3A%7B%22text-align%22%3A%22right%22%7D%2C%22laptops%22%3A%7B%22text-align%22%3A%22right%22%7D%2C%22tablets%22%3A%7B%22text-align%22%3A%22right%22%7D%2C%22mobiles%22%3A%7B%22text-align%22%3A%22center%22%7D%7D\"]Clinical studies are central to the discovery of new treatment options. Such studies provide information on whether a new treatment is effective or not. They also examine whether the treatment causes unintended side effects. All clinical studies are based on research results carried...","protected":false},"author":1,"featured_media":1074,"parent":0,"menu_order":0,"comment_status":"closed","ping_status":"closed","template":"","meta":{"_monsterinsights_skip_tracking":false,"_monsterinsights_sitenote_active":false,"_monsterinsights_sitenote_note":"","_monsterinsights_sitenote_category":0,"footnotes":""},"class_list":["post-1140","page","type-page","status-publish","has-post-thumbnail","hentry"],"_links":{"self":[{"href":"https:\/\/www.nbtc.no\/en\/wp-json\/wp\/v2\/pages\/1140","targetHints":{"allow":["GET"]}}],"collection":[{"href":"https:\/\/www.nbtc.no\/en\/wp-json\/wp\/v2\/pages"}],"about":[{"href":"https:\/\/www.nbtc.no\/en\/wp-json\/wp\/v2\/types\/page"}],"author":[{"embeddable":true,"href":"https:\/\/www.nbtc.no\/en\/wp-json\/wp\/v2\/users\/1"}],"replies":[{"embeddable":true,"href":"https:\/\/www.nbtc.no\/en\/wp-json\/wp\/v2\/comments?post=1140"}],"version-history":[{"count":45,"href":"https:\/\/www.nbtc.no\/en\/wp-json\/wp\/v2\/pages\/1140\/revisions"}],"predecessor-version":[{"id":1250,"href":"https:\/\/www.nbtc.no\/en\/wp-json\/wp\/v2\/pages\/1140\/revisions\/1250"}],"wp:featuredmedia":[{"embeddable":true,"href":"https:\/\/www.nbtc.no\/en\/wp-json\/wp\/v2\/media\/1074"}],"wp:attachment":[{"href":"https:\/\/www.nbtc.no\/en\/wp-json\/wp\/v2\/media?parent=1140"}],"curies":[{"name":"wp","href":"https:\/\/api.w.org\/{rel}","templated":true}]}}